{"id":40905,"date":"2024-02-12T11:29:46","date_gmt":"2024-02-12T11:29:46","guid":{"rendered":"https:\/\/www.produktna-fotografija.si\/izdelava-gifov-in-animacij-copy\/"},"modified":"2025-08-03T12:53:03","modified_gmt":"2025-08-03T12:53:03","slug":"transparentnost","status":"publish","type":"page","link":"https:\/\/www.produktna-fotografija.si\/en\/transparentnost\/","title":{"rendered":"Transparentna Produktna Fotografija"},"content":{"rendered":"<div data-elementor-type=\"wp-page\" data-elementor-id=\"40905\" class=\"elementor elementor-40905\" data-elementor-post-type=\"page\">\n\t\t\t\t\t\t<section class=\"elementor-section elementor-top-section elementor-element elementor-element-73977da elementor-section-boxed elementor-section-height-default elementor-section-height-default\" data-id=\"73977da\" data-element_type=\"section\" data-settings=\"{&quot;jet_parallax_layout_list&quot;:[]}\">\n\t\t\t\t\t\t<div class=\"elementor-container elementor-column-gap-default\">\n\t\t\t\t\t<div class=\"elementor-column elementor-col-50 elementor-top-column elementor-element elementor-element-685410d\" data-id=\"685410d\" data-element_type=\"column\">\n\t\t\t<div class=\"elementor-widget-wrap elementor-element-populated\">\n\t\t\t\t\t\t<div class=\"elementor-element elementor-element-ad430b9 elementor-hidden-desktop pp-ic-label-horizontal-top elementor-widget elementor-widget-pp-image-comparison\" data-id=\"ad430b9\" data-element_type=\"widget\" data-widget_type=\"pp-image-comparison.default\">\n\t\t\t\t<div class=\"elementor-widget-container\">\n\t\t\t\t\t<div class=\"pp-image-comparison\" id=\"pp-image-comparison-ad430b9\" data-settings=\"{&quot;visible_ratio&quot;:&quot;0.5&quot;,&quot;orientation&quot;:&quot;horizontal&quot;,&quot;before_label&quot;:&quot;Transparentnost&quot;,&quot;after_label&quot;:&quot;Poljubno ozadje&quot;,&quot;slider_on_hover&quot;:false,&quot;slider_with_handle&quot;:true,&quot;slider_with_click&quot;:false,&quot;no_overlay&quot;:true}\">\n\t\t\t<img decoding=\"async\" src=\"https:\/\/www.produktna-fotografija.si\/wp-content\/uploads\/2024\/12\/fotografiranje-ure-3.jpg\" alt=\"fotografiranje ure 3\" title=\"fotografiranje ure 3\" class=\"pp-before-img\" \/><img decoding=\"async\" src=\"https:\/\/www.produktna-fotografija.si\/wp-content\/uploads\/2025\/01\/produktna-fotografija-monarte-6.jpg\" alt=\"produktna fotografija monarte 6\" title=\"produktna fotografija monarte 6\" class=\"pp-after-img\" \/>\t\t<\/div>\n\t\t\t\t<\/div>\n\t\t\t\t<\/div>\n\t\t\t\t<div class=\"elementor-element elementor-element-b105523 elementor-widget elementor-widget-heading\" data-id=\"b105523\" data-element_type=\"widget\" data-widget_type=\"heading.default\">\n\t\t\t\t<div class=\"elementor-widget-container\">\n\t\t\t<h1 class=\"elementor-heading-title elementor-size-default\">Transparent product photo<\/h1>\t\t<\/div>\n\t\t\t\t<\/div>\n\t\t\t\t<div class=\"elementor-element elementor-element-04357b5 elementor-widget elementor-widget-text-editor\" data-id=\"04357b5\" data-element_type=\"widget\" data-widget_type=\"text-editor.default\">\n\t\t\t\t<div class=\"elementor-widget-container\">\n\t\t\t\t\t\t\t<p id=\"tw-target-text\" class=\"tw-data-text tw-text-large tw-ta\" dir=\"ltr\" data-placeholder=\"Prevod\" data-ved=\"2ahUKEwiV5u27uMqIAxUmif0HHUxFDQgQ3ewLegQIBxAU\" aria-label=\"Here are some of the most frequently asked questions about creative product photography.\">Transparency allows your products to seamlessly blend into any background, making them more versatile and allowing for endless creative possibilities.<\/p>\t\t\t\t\t\t<\/div>\n\t\t\t\t<\/div>\n\t\t\t\t<div class=\"elementor-element elementor-element-2e9ebf0 elementor-mobile-align-left elementor-icon-list--layout-traditional elementor-list-item-link-full_width elementor-widget elementor-widget-icon-list\" data-id=\"2e9ebf0\" data-element_type=\"widget\" data-widget_type=\"icon-list.default\">\n\t\t\t\t<div class=\"elementor-widget-container\">\n\t\t\t\t\t<ul class=\"elementor-icon-list-items\">\n\t\t\t\t\t\t\t<li class=\"elementor-icon-list-item\">\n\t\t\t\t\t\t\t\t\t\t\t<span class=\"elementor-icon-list-icon\">\n\t\t\t\t\t\t\t<i aria-hidden=\"true\" class=\"fas fa-check\"><\/i>\t\t\t\t\t\t<\/span>\n\t\t\t\t\t\t\t\t\t\t<span class=\"elementor-icon-list-text\">Customizing product backgrounds<\/span>\n\t\t\t\t\t\t\t\t\t<\/li>\n\t\t\t\t\t\t\t\t<li class=\"elementor-icon-list-item\">\n\t\t\t\t\t\t\t\t\t\t\t<span class=\"elementor-icon-list-icon\">\n\t\t\t\t\t\t\t<i aria-hidden=\"true\" class=\"fas fa-check\"><\/i>\t\t\t\t\t\t<\/span>\n\t\t\t\t\t\t\t\t\t\t<span class=\"elementor-icon-list-text\">Use of products on any background<\/span>\n\t\t\t\t\t\t\t\t\t<\/li>\n\t\t\t\t\t\t\t\t<li class=\"elementor-icon-list-item\">\n\t\t\t\t\t\t\t\t\t\t\t<span class=\"elementor-icon-list-icon\">\n\t\t\t\t\t\t\t<i aria-hidden=\"true\" class=\"fas fa-check\"><\/i>\t\t\t\t\t\t<\/span>\n\t\t\t\t\t\t\t\t\t\t<span class=\"elementor-icon-list-text\">Easy to use in advertising creatives<\/span>\n\t\t\t\t\t\t\t\t\t<\/li>\n\t\t\t\t\t\t<\/ul>\n\t\t\t\t<\/div>\n\t\t\t\t<\/div>\n\t\t\t\t<div class=\"elementor-element elementor-element-49a7221 elementor-widget-mobile__width-initial elementor-widget elementor-widget-jet-button\" data-id=\"49a7221\" data-element_type=\"widget\" data-widget_type=\"jet-button.default\">\n\t\t\t\t<div class=\"elementor-widget-container\">\n\t\t\t<div class=\"elementor-jet-button jet-elements\"><div class=\"jet-button__container\">\n\t<a class=\"jet-button__instance jet-button__instance--icon-left hover-effect-0\" href=\"https:\/\/www.produktna-fotografija.si\/en\/oddaja-narocila\/\">\n\t\t<div class=\"jet-button__plane jet-button__plane-normal\"><\/div>\n\t\t<div class=\"jet-button__plane jet-button__plane-hover\"><\/div>\n\t\t<div class=\"jet-button__state jet-button__state-normal\">\n\t\t\t<span class=\"jet-button__label\">Start the project<\/span>\t\t<\/div>\n\t\t<div class=\"jet-button__state jet-button__state-hover\">\n\t\t\t<span class=\"jet-button__label\">Start the project<\/span>\t\t<\/div>\n\t<\/a>\n<\/div>\n<\/div>\t\t<\/div>\n\t\t\t\t<\/div>\n\t\t\t\t\t<\/div>\n\t\t<\/div>\n\t\t\t\t<div class=\"elementor-column elementor-col-50 elementor-top-column elementor-element elementor-element-f1537d2\" data-id=\"f1537d2\" data-element_type=\"column\">\n\t\t\t<div class=\"elementor-widget-wrap elementor-element-populated\">\n\t\t\t\t\t\t<div class=\"elementor-element elementor-element-62ca8f2 elementor-hidden-mobile elementor-hidden-tablet pp-ic-label-horizontal-top elementor-widget elementor-widget-pp-image-comparison\" data-id=\"62ca8f2\" data-element_type=\"widget\" data-widget_type=\"pp-image-comparison.default\">\n\t\t\t\t<div class=\"elementor-widget-container\">\n\t\t\t\t\t<div class=\"pp-image-comparison\" id=\"pp-image-comparison-62ca8f2\" data-settings=\"{&quot;visible_ratio&quot;:&quot;0.5&quot;,&quot;orientation&quot;:&quot;horizontal&quot;,&quot;before_label&quot;:&quot;Transparentnost&quot;,&quot;after_label&quot;:&quot;Poljubno ozadje&quot;,&quot;slider_on_hover&quot;:false,&quot;slider_with_handle&quot;:true,&quot;slider_with_click&quot;:false,&quot;no_overlay&quot;:true}\">\n\t\t\t<img decoding=\"async\" src=\"https:\/\/www.produktna-fotografija.si\/wp-content\/uploads\/2024\/12\/fotografiranje-ure-3.jpg\" alt=\"fotografiranje ure 3\" title=\"fotografiranje ure 3\" class=\"pp-before-img\" \/><img decoding=\"async\" src=\"https:\/\/www.produktna-fotografija.si\/wp-content\/uploads\/2025\/01\/produktna-fotografija-monarte-6.jpg\" alt=\"produktna fotografija monarte 6\" title=\"produktna fotografija monarte 6\" class=\"pp-after-img\" \/>\t\t<\/div>\n\t\t\t\t<\/div>\n\t\t\t\t<\/div>\n\t\t\t\t\t<\/div>\n\t\t<\/div>\n\t\t\t\t\t<\/div>\n\t\t<\/section>\n\t\t\t\t<section class=\"elementor-section elementor-top-section elementor-element elementor-element-fa8c72d elementor-section-boxed elementor-section-height-default elementor-section-height-default\" data-id=\"fa8c72d\" data-element_type=\"section\" data-settings=\"{&quot;jet_parallax_layout_list&quot;:[]}\">\n\t\t\t\t\t\t<div class=\"elementor-container elementor-column-gap-default\">\n\t\t\t\t\t<div class=\"elementor-column elementor-col-100 elementor-top-column elementor-element elementor-element-d471f8c\" data-id=\"d471f8c\" data-element_type=\"column\">\n\t\t\t<div class=\"elementor-widget-wrap elementor-element-populated\">\n\t\t\t\t\t\t<div class=\"elementor-element elementor-element-ca103dc elementor-widget elementor-widget-spacer\" data-id=\"ca103dc\" data-element_type=\"widget\" data-widget_type=\"spacer.default\">\n\t\t\t\t<div class=\"elementor-widget-container\">\n\t\t\t\t\t<div class=\"elementor-spacer\">\n\t\t\t<div class=\"elementor-spacer-inner\"><\/div>\n\t\t<\/div>\n\t\t\t\t<\/div>\n\t\t\t\t<\/div>\n\t\t\t\t<div class=\"elementor-element elementor-element-e4116ff elementor-widget elementor-widget-heading\" data-id=\"e4116ff\" data-element_type=\"widget\" data-widget_type=\"heading.default\">\n\t\t\t\t<div class=\"elementor-widget-container\">\n\t\t\t<h2 class=\"elementor-heading-title elementor-size-default\">FAQ<\/h2>\t\t<\/div>\n\t\t\t\t<\/div>\n\t\t\t\t<section class=\"elementor-section elementor-inner-section elementor-element elementor-element-73be6cb elementor-section-boxed elementor-section-height-default elementor-section-height-default\" data-id=\"73be6cb\" data-element_type=\"section\" data-settings=\"{&quot;jet_parallax_layout_list&quot;:[]}\">\n\t\t\t\t\t\t<div class=\"elementor-container elementor-column-gap-default\">\n\t\t\t\t\t<div class=\"elementor-column elementor-col-100 elementor-inner-column elementor-element elementor-element-e2fbc00\" data-id=\"e2fbc00\" data-element_type=\"column\">\n\t\t\t<div class=\"elementor-widget-wrap elementor-element-populated\">\n\t\t\t\t\t\t<div class=\"elementor-element elementor-element-fef58a6 elementor-widget elementor-widget-text-editor\" data-id=\"fef58a6\" data-element_type=\"widget\" data-widget_type=\"text-editor.default\">\n\t\t\t\t<div class=\"elementor-widget-container\">\n\t\t\t\t\t\t\t<p id=\"tw-target-text\" class=\"tw-data-text tw-text-large tw-ta\" dir=\"ltr\" data-placeholder=\"Prevod\" data-ved=\"2ahUKEwiV5u27uMqIAxUmif0HHUxFDQgQ3ewLegQIBxAU\" aria-label=\"Here are some of the most frequently asked questions about creative product photography.\"><span class=\"Y2IQFc\" lang=\"sl\">Here are some of the most frequently asked questions about photos on a transparent background.<\/span><\/p>\t\t\t\t\t\t<\/div>\n\t\t\t\t<\/div>\n\t\t\t\t<div class=\"elementor-element elementor-element-2ccaf86 elementor-widget elementor-widget-pp-faq\" data-id=\"2ccaf86\" data-element_type=\"widget\" data-settings=\"{&quot;faq_layout&quot;:&quot;accordion&quot;,&quot;accordion_type&quot;:&quot;accordion&quot;,&quot;toggle_speed&quot;:300}\" data-widget_type=\"pp-faq.default\">\n\t\t\t\t<div class=\"elementor-widget-container\">\n\t\t\t\t\t<div class=\"pp-faqs pp-advanced-accordion pp-toggle-icon-align-left\" id=\"pp-advanced-accordion-2ccaf86\" data-accordion-id=\"2ccaf86\">\n\t\t\t\t\t\t<div class=\"pp-faq-item elementor-grid-item pp-accordion-item\">\n\t\t\t\t<div id=\"pp-accordion-tab-title-4691\" class=\"pp-faq-question pp-accordion-tab-title\" tabindex=\"0\" data-tab=\"1\">\n\t\t\t\t\t<div class=\"pp-accordion-title-icon\">\n\t\t\t\t\t\t\t\t\t\t\t\t\t\t\t\t\t\t<div class=\"pp-accordion-title-text\">\n\t\t\t\t\t\t\tWhat does transparency mean?\t\t\t\t\t\t<\/div>\n\t\t\t\t\t<\/div>\n\t\t\t\t\t\t\t\t\t\t\t<div class=\"pp-accordion-toggle-icon\">\n\t\t\t\t\t\t\t\t\t\t\t\t\t\t\t<span class='pp-accordion-toggle-icon-close pp-icon'>\n\t\t\t\t\t\t\t\t\t<i aria-hidden=\"true\" class=\"fas fa-plus\"><\/i>\t\t\t\t\t\t\t\t<\/span>\n\t\t\t\t\t\t\t\t\t\t\t\t\t\t\t\t\t\t\t\t\t\t<span class='pp-accordion-toggle-icon-open pp-icon'>\n\t\t\t\t\t\t\t\t\t<i aria-hidden=\"true\" class=\"fas fa-minus\"><\/i>\t\t\t\t\t\t\t\t<\/span>\n\t\t\t\t\t\t\t\t\t\t\t\t\t<\/div>\n\t\t\t\t\t\t\t\t\t<\/div>\n\n\t\t\t\t<div id=\"pp-accordion-tab-content-4691\" class=\"pp-faq-answer pp-accordion-tab-content\" data-tab=\"1\">\n\t\t\t\t\t<p>In case you choose transparency, we will vector cut your product and <span style=\"color: #000000;\"><strong>made it possible to use it on a multi-colored background<\/strong><\/span> for online store or marketing purposes.\u00a0<\/p>\n\t\t\t\t<\/div>\n\t\t\t<\/div>\n\t\t\t\t\t\t<div class=\"pp-faq-item elementor-grid-item pp-accordion-item\">\n\t\t\t\t<div id=\"pp-accordion-tab-title-4692\" class=\"pp-faq-question pp-accordion-tab-title\" tabindex=\"0\" data-tab=\"2\">\n\t\t\t\t\t<div class=\"pp-accordion-title-icon\">\n\t\t\t\t\t\t\t\t\t\t\t\t\t\t\t\t\t\t<div class=\"pp-accordion-title-text\">\n\t\t\t\t\t\t\tIn what format do we receive photos?\t\t\t\t\t\t<\/div>\n\t\t\t\t\t<\/div>\n\t\t\t\t\t\t\t\t\t\t\t<div class=\"pp-accordion-toggle-icon\">\n\t\t\t\t\t\t\t\t\t\t\t\t\t\t\t<span class='pp-accordion-toggle-icon-close pp-icon'>\n\t\t\t\t\t\t\t\t\t<i aria-hidden=\"true\" class=\"fas fa-plus\"><\/i>\t\t\t\t\t\t\t\t<\/span>\n\t\t\t\t\t\t\t\t\t\t\t\t\t\t\t\t\t\t\t\t\t\t<span class='pp-accordion-toggle-icon-open pp-icon'>\n\t\t\t\t\t\t\t\t\t<i aria-hidden=\"true\" class=\"fas fa-minus\"><\/i>\t\t\t\t\t\t\t\t<\/span>\n\t\t\t\t\t\t\t\t\t\t\t\t\t<\/div>\n\t\t\t\t\t\t\t\t\t<\/div>\n\n\t\t\t\t<div id=\"pp-accordion-tab-content-4692\" class=\"pp-faq-answer pp-accordion-tab-content\" data-tab=\"2\">\n\t\t\t\t\t<p><span style=\"color: #000000;\"><strong>Transparent photos are delivered in PNG format.<\/strong><\/span> The PNG format is recommended for its high quality, ease of use, and compatibility with many platforms and applications.<\/p>\n<p>At your request, we can also supply you <span style=\"color: #000000;\"><strong>TIFF format<\/strong><\/span>, which is also popular for transparent use. We can also provide you with an original PSD Format upon prior agreement <span style=\"color: #000000;\"><strong>which<\/strong><\/span>,  allows maximum freedom in later use.\u00a0<\/p>\n\t\t\t\t<\/div>\n\t\t\t<\/div>\n\t\t\t\t\t\t<div class=\"pp-faq-item elementor-grid-item pp-accordion-item\">\n\t\t\t\t<div id=\"pp-accordion-tab-title-4693\" class=\"pp-faq-question pp-accordion-tab-title\" tabindex=\"0\" data-tab=\"3\">\n\t\t\t\t\t<div class=\"pp-accordion-title-icon\">\n\t\t\t\t\t\t\t\t\t\t\t\t\t\t\t\t\t\t<div class=\"pp-accordion-title-text\">\n\t\t\t\t\t\t\tWhere can we use photos with a transparent background?\t\t\t\t\t\t<\/div>\n\t\t\t\t\t<\/div>\n\t\t\t\t\t\t\t\t\t\t\t<div class=\"pp-accordion-toggle-icon\">\n\t\t\t\t\t\t\t\t\t\t\t\t\t\t\t<span class='pp-accordion-toggle-icon-close pp-icon'>\n\t\t\t\t\t\t\t\t\t<i aria-hidden=\"true\" class=\"fas fa-plus\"><\/i>\t\t\t\t\t\t\t\t<\/span>\n\t\t\t\t\t\t\t\t\t\t\t\t\t\t\t\t\t\t\t\t\t\t<span class='pp-accordion-toggle-icon-open pp-icon'>\n\t\t\t\t\t\t\t\t\t<i aria-hidden=\"true\" class=\"fas fa-minus\"><\/i>\t\t\t\t\t\t\t\t<\/span>\n\t\t\t\t\t\t\t\t\t\t\t\t\t<\/div>\n\t\t\t\t\t\t\t\t\t<\/div>\n\n\t\t\t\t<div id=\"pp-accordion-tab-content-4693\" class=\"pp-faq-answer pp-accordion-tab-content\" data-tab=\"3\">\n\t\t\t\t\t<p>When you receive photos in PNG format, you can easily include them in various programs such as Canva or Adobe Photoshop, which <span style=\"color: #000000;\"><strong>allow you to easily use them on any background.\u00a0\u00a0<\/strong><\/span><\/p>\n<p>When adding transparent images to your site, most modern tools like WordPress allow you to upload a .png file with transparency. You can upload a photo directly to your library and embed it on your website. <span style=\"color: #000000;\"><strong>The transparent photo will blend seamlessly with the selected website background.<\/strong><\/span><\/p>\n<p>You can also use photos <strong><span style=\"color: #000000;\">in marketing materials<\/span><\/strong>, so you can easily place products in a program like Canva on any background and add selected text or other content next to it.\u00a0<\/p>\n\t\t\t\t<\/div>\n\t\t\t<\/div>\n\t\t\t\t\t<\/div>\n\t\t\t\t<\/div>\n\t\t\t\t<\/div>\n\t\t\t\t\t<\/div>\n\t\t<\/div>\n\t\t\t\t\t<\/div>\n\t\t<\/section>\n\t\t\t\t\t<\/div>\n\t\t<\/div>\n\t\t\t\t\t<\/div>\n\t\t<\/section>\n\t\t\t\t<section class=\"elementor-section elementor-top-section elementor-element elementor-element-1ec4d50 elementor-section-boxed elementor-section-height-default elementor-section-height-default\" data-id=\"1ec4d50\" data-element_type=\"section\" data-settings=\"{&quot;jet_parallax_layout_list&quot;:[]}\">\n\t\t\t\t\t\t<div class=\"elementor-container elementor-column-gap-default\">\n\t\t\t\t\t<div class=\"elementor-column elementor-col-33 elementor-top-column elementor-element elementor-element-5fa69c0\" data-id=\"5fa69c0\" data-element_type=\"column\">\n\t\t\t<div class=\"elementor-widget-wrap elementor-element-populated\">\n\t\t\t\t\t\t<div class=\"elementor-element elementor-element-2b35561 pp-ic-label-horizontal-top elementor-widget elementor-widget-pp-image-comparison\" data-id=\"2b35561\" data-element_type=\"widget\" data-widget_type=\"pp-image-comparison.default\">\n\t\t\t\t<div class=\"elementor-widget-container\">\n\t\t\t\t\t<div class=\"pp-image-comparison\" id=\"pp-image-comparison-2b35561\" data-settings=\"{&quot;visible_ratio&quot;:&quot;0.5&quot;,&quot;orientation&quot;:&quot;horizontal&quot;,&quot;before_label&quot;:&quot;Transparentnost&quot;,&quot;after_label&quot;:&quot;Poljubno ozadje&quot;,&quot;slider_on_hover&quot;:false,&quot;slider_with_handle&quot;:true,&quot;slider_with_click&quot;:false,&quot;no_overlay&quot;:true}\">\n\t\t\t<img decoding=\"async\" src=\"https:\/\/www.produktna-fotografija.si\/wp-content\/uploads\/2024\/09\/6-4.jpg\" alt=\"6\" title=\"6\" class=\"pp-before-img\" \/><img decoding=\"async\" src=\"https:\/\/www.produktna-fotografija.si\/wp-content\/uploads\/2024\/09\/5-5.jpg\" alt=\"5\" title=\"5\" class=\"pp-after-img\" \/>\t\t<\/div>\n\t\t\t\t<\/div>\n\t\t\t\t<\/div>\n\t\t\t\t\t<\/div>\n\t\t<\/div>\n\t\t\t\t<div class=\"elementor-column elementor-col-33 elementor-top-column elementor-element elementor-element-060f7c7\" data-id=\"060f7c7\" data-element_type=\"column\">\n\t\t\t<div class=\"elementor-widget-wrap elementor-element-populated\">\n\t\t\t\t\t\t<div class=\"elementor-element elementor-element-f98581d pp-ic-label-horizontal-top elementor-widget elementor-widget-pp-image-comparison\" data-id=\"f98581d\" data-element_type=\"widget\" data-widget_type=\"pp-image-comparison.default\">\n\t\t\t\t<div class=\"elementor-widget-container\">\n\t\t\t\t\t<div class=\"pp-image-comparison\" id=\"pp-image-comparison-f98581d\" data-settings=\"{&quot;visible_ratio&quot;:&quot;0.5&quot;,&quot;orientation&quot;:&quot;horizontal&quot;,&quot;before_label&quot;:&quot;Transparentnost&quot;,&quot;after_label&quot;:&quot;Poljubno ozadje&quot;,&quot;slider_on_hover&quot;:false,&quot;slider_with_handle&quot;:true,&quot;slider_with_click&quot;:false,&quot;no_overlay&quot;:true}\">\n\t\t\t<img decoding=\"async\" src=\"https:\/\/www.produktna-fotografija.si\/wp-content\/uploads\/2024\/09\/2-6.jpg\" alt=\"2\" title=\"2\" class=\"pp-before-img\" \/><img decoding=\"async\" src=\"https:\/\/www.produktna-fotografija.si\/wp-content\/uploads\/2024\/09\/1-6.jpg\" alt=\"1\" title=\"1\" class=\"pp-after-img\" \/>\t\t<\/div>\n\t\t\t\t<\/div>\n\t\t\t\t<\/div>\n\t\t\t\t\t<\/div>\n\t\t<\/div>\n\t\t\t\t<div class=\"elementor-column elementor-col-33 elementor-top-column elementor-element elementor-element-cc49c9c\" data-id=\"cc49c9c\" data-element_type=\"column\">\n\t\t\t<div class=\"elementor-widget-wrap elementor-element-populated\">\n\t\t\t\t\t\t<div class=\"elementor-element elementor-element-333e96c pp-ic-label-horizontal-top elementor-widget elementor-widget-pp-image-comparison\" data-id=\"333e96c\" data-element_type=\"widget\" data-widget_type=\"pp-image-comparison.default\">\n\t\t\t\t<div class=\"elementor-widget-container\">\n\t\t\t\t\t<div class=\"pp-image-comparison\" id=\"pp-image-comparison-333e96c\" data-settings=\"{&quot;visible_ratio&quot;:&quot;0.5&quot;,&quot;orientation&quot;:&quot;horizontal&quot;,&quot;before_label&quot;:&quot;Transparentnost&quot;,&quot;after_label&quot;:&quot;Poljubno ozadje&quot;,&quot;slider_on_hover&quot;:false,&quot;slider_with_handle&quot;:true,&quot;slider_with_click&quot;:false,&quot;no_overlay&quot;:true}\">\n\t\t\t<img decoding=\"async\" src=\"https:\/\/www.produktna-fotografija.si\/wp-content\/uploads\/2024\/09\/4-5.jpg\" alt=\"4\" title=\"4\" class=\"pp-before-img\" \/><img decoding=\"async\" src=\"https:\/\/www.produktna-fotografija.si\/wp-content\/uploads\/2024\/09\/3-5.jpg\" alt=\"3\" title=\"3\" class=\"pp-after-img\" \/>\t\t<\/div>\n\t\t\t\t<\/div>\n\t\t\t\t<\/div>\n\t\t\t\t\t<\/div>\n\t\t<\/div>\n\t\t\t\t\t<\/div>\n\t\t<\/section>\n\t\t\t\t<section class=\"elementor-section elementor-top-section elementor-element elementor-element-6a16b61 elementor-section-height-min-height elementor-section-boxed elementor-section-height-default elementor-section-items-middle\" data-id=\"6a16b61\" data-element_type=\"section\" data-settings=\"{&quot;jet_parallax_layout_list&quot;:[]}\">\n\t\t\t\t\t\t<div class=\"elementor-container elementor-column-gap-no\">\n\t\t\t\t\t<div class=\"elementor-column elementor-col-100 elementor-top-column elementor-element elementor-element-534bd68\" data-id=\"534bd68\" data-element_type=\"column\" data-settings=\"{&quot;background_background&quot;:&quot;classic&quot;}\">\n\t\t\t<div class=\"elementor-widget-wrap elementor-element-populated\">\n\t\t\t\t\t\t<div class=\"elementor-element elementor-element-f709739 elementor-widget elementor-widget-heading\" data-id=\"f709739\" data-element_type=\"widget\" data-widget_type=\"heading.default\">\n\t\t\t\t<div class=\"elementor-widget-container\">\n\t\t\t<h3 class=\"elementor-heading-title elementor-size-default\">Ready to Collaborate?<\/h3>\t\t<\/div>\n\t\t\t\t<\/div>\n\t\t\t\t<div class=\"elementor-element elementor-element-2b8ce11 elementor-widget elementor-widget-text-editor\" data-id=\"2b8ce11\" data-element_type=\"widget\" data-widget_type=\"text-editor.default\">\n\t\t\t\t<div class=\"elementor-widget-container\">\n\t\t\t\t\t\t\t<p>Allow me to present your products in their best light. Get in touch today!<\/p>\t\t\t\t\t\t<\/div>\n\t\t\t\t<\/div>\n\t\t\t\t<div class=\"elementor-element elementor-element-19aa4b8 elementor-widget elementor-widget-jet-button\" data-id=\"19aa4b8\" data-element_type=\"widget\" data-widget_type=\"jet-button.default\">\n\t\t\t\t<div class=\"elementor-widget-container\">\n\t\t\t<div class=\"elementor-jet-button jet-elements\"><div class=\"jet-button__container\">\n\t<a class=\"jet-button__instance jet-button__instance--icon-left hover-effect-0\" href=\"https:\/\/www.produktna-fotografija.si\/en\/oddaja-narocila\/\">\n\t\t<div class=\"jet-button__plane jet-button__plane-normal\"><\/div>\n\t\t<div class=\"jet-button__plane jet-button__plane-hover\"><\/div>\n\t\t<div class=\"jet-button__state jet-button__state-normal\">\n\t\t\t<span class=\"jet-button__label\">Start the project<\/span>\t\t<\/div>\n\t\t<div class=\"jet-button__state jet-button__state-hover\">\n\t\t\t<span class=\"jet-button__label\">Start the project<\/span>\t\t<\/div>\n\t<\/a>\n<\/div>\n<\/div>\t\t<\/div>\n\t\t\t\t<\/div>\n\t\t\t\t\t<\/div>\n\t\t<\/div>\n\t\t\t\t\t<\/div>\n\t\t<\/section>\n\t\t\t\t<\/div>","protected":false},"excerpt":{"rendered":"<p>Transparentna produktna fotografija Transparentnost omogo\u010da, da se va\u0161i izdelki neopazno zlijejo s katerim koli ozadjem, zato so bolj vsestranski in omogo\u010dajo neskon\u010dne ustvarjalne mo\u017enosti. Prilagajanje ozadja izdelkov Uporaba izdelkov na poljubnem ozadju Enostavna uporaba v ogla\u0161evalskih kreativah Pogosta vpra\u0161anja Tukaj je nekaj najpogostej\u0161ih vpra\u0161anj za fotografije na transparentnem ozadju. Kaj pomeni transparentnost? V primeru, da [&hellip;]<\/p>","protected":false},"author":14,"featured_media":0,"parent":0,"menu_order":2,"comment_status":"closed","ping_status":"closed","template":"","meta":{"_seopress_robots_primary_cat":"","_seopress_titles_title":"Transparentnost \u2502 Produktna Fotografija","_seopress_titles_desc":"Produktne fotografije lahko izdelamo tudi na transparentnem ozadju, kar pomeni, da lahko izdelke uporabite tudi na druga\u010dnem ozadju za potrebe marketin\u0161kih aktivnosti.","_seopress_robots_index":"","footnotes":""},"_links":{"self":[{"href":"https:\/\/www.produktna-fotografija.si\/en\/wp-json\/wp\/v2\/pages\/40905"}],"collection":[{"href":"https:\/\/www.produktna-fotografija.si\/en\/wp-json\/wp\/v2\/pages"}],"about":[{"href":"https:\/\/www.produktna-fotografija.si\/en\/wp-json\/wp\/v2\/types\/page"}],"author":[{"embeddable":true,"href":"https:\/\/www.produktna-fotografija.si\/en\/wp-json\/wp\/v2\/users\/14"}],"replies":[{"embeddable":true,"href":"https:\/\/www.produktna-fotografija.si\/en\/wp-json\/wp\/v2\/comments?post=40905"}],"version-history":[{"count":0,"href":"https:\/\/www.produktna-fotografija.si\/en\/wp-json\/wp\/v2\/pages\/40905\/revisions"}],"wp:attachment":[{"href":"https:\/\/www.produktna-fotografija.si\/en\/wp-json\/wp\/v2\/media?parent=40905"}],"curies":[{"name":"wp","href":"https:\/\/api.w.org\/{rel}","templated":true}]}}